{"id":33,"date":"2023-07-14T23:08:20","date_gmt":"2023-07-14T23:08:20","guid":{"rendered":"http:\/\/psychoterapia-online.info.pl\/?page_id=33"},"modified":"2026-03-09T12:25:12","modified_gmt":"2026-03-09T12:25:12","slug":"opinie","status":"publish","type":"page","link":"https:\/\/psychoterapia-online.info.pl\/index.php\/opinie\/","title":{"rendered":"Opinie"},"content":{"rendered":"\n<p><em>Wsp\u00f3\u0142dzia\u0142anie z Monik\u0105 jest fantastycznym do\u015bwiadczeniem. Przepracowa\u0142y\u015bmy problem, kt\u00f3ry n\u0119ka\u0142 mnie od jakiego\u015b czasu, ale nie potrafi\u0142am go uchwyci\u0107. Uda\u0142o si\u0119 to przy procesowym wsparciu Moniki, kt\u00f3ra wychwyci\u0142a na poz\u00f3r odleg\u0142e w\u0105tki, niestrudzenie wy\u0142uskiwa\u0142a ze mnie skojarzenia i odczucia, a w ko\u0144cu pomog\u0142a po\u0142\u0105czy\u0107 je w pe\u0142ny obraz. Wreszcie zobaczy\u0142am ca\u0142o\u015b\u0107, wiem, jaka przyczyna stoi za niewygodnym dla mnie skutkiem i mog\u0119 pracowa\u0107 nad zmian\u0105.<\/em><br>Magda<\/p>\n\n\n\n<p class=\"has-text-align-left\"><em>Monika to \u015bwietny terapeuta z dobr\u0105 energi\u0105. Potrafi wys\u0142ucha\u0107, by\u0107 z tob\u0105 tu i teraz, zauwa\u017cy\u0107 to co niedopatrzone, odkry\u0107 to co niezauwa\u017cone, po\u0142\u0105czy\u0107 to co niespotkane. Sesje z ni\u0105 to jak spotkania z przyjaci\u00f3\u0142k\u0105, z kt\u00f3rego wychodzisz z przemy\u015bleniami i dalszym planem dzia\u0142ania. Polecam Monik\u0119 z ca\u0142ego serca!<\/em><br>Alka<\/p>\n\n\n\n<p><em>Jestem \u015bwie\u017co po godzinnej sesji pracy z Monik\u0105. By\u0142a to godzina pracy z interpretacj\u0105 snu, z&nbsp;archetypami Bogi\u0144, z umiej\u0119tno\u015bci\u0105 wyartyku\u0142owania mojego klarownego Tak i Nie. By\u0142a to praca z niewygodnymi punktami w pod\u015bwiadomo\u015bci i transformacj\u0105 ich w moc. Szczeg\u00f3lnie uj\u0119\u0142y mnie elementy pracy z dram\u0105, kt\u00f3re lekko mnie zaprowadzi\u0142y do g\u0142\u0119bi moich zasob\u00f3w wewn\u0119trznych, do kobiety Bogini, kt\u00f3r\u0105 marz\u0119 si\u0119 sta\u0107, a mo\u017ce nie zawsze pami\u0119tam, \u017ce ni\u0105 jestem. \u017be ju\u017c o niczym nie musz\u0119 marzy\u0107. W podobne rejony zawita\u0142am interpretuj\u0105c razem m\u00f3j Sen. Jestem g\u0142\u0119boko wdzi\u0119czna za przestrze\u0144 na \u017cart, zadziorno\u015b\u0107, frywolno\u015b\u0107 w tym wszystkim. <\/em><br>B.<\/p>\n\n\n\n<p><em>Pracowa\u0142am z Monik\u0105 na sesji indywidualnej. Jest wpieraj\u0105ca, cierpliwa, ma du\u017co empatii i&nbsp;ciekawe spojrzenie, kt\u00f3re pomaga spojrze\u0107 na problem z innej perspektywy i zobaczy\u0107 sw\u00f3j blind spot, ale te\u017c zasoby, kt\u00f3rych si\u0119 samemu nie widzi. Polecam!&nbsp;<\/em><br>Kamila<\/p>\n\n\n\n<p><em>Monika jako prowadz\u0105ca warsztaty \u0142\u0105czy w sobie otwarto\u015b\u0107 na przep\u0142yw, \u201ezadziewanie\u201d si\u0119 z du\u017cym konkretem. Dlatego mo\u017cna si\u0119 z ni\u0105 porusza\u0107 w przestrzeniach tego, co nienamacalne, a jednocze\u015bnie wynie\u015b\u0107 namacalne efekty. Wie, kiedy podej\u015b\u0107 delikatnie i z czu\u0142o\u015bci\u0105 a kiedy przytrzyma\u0107 co\u015b twardsza r\u0119k\u0105. Z serca polecam, to by\u0142 przepi\u0119kny czas.<\/em><br>E.<\/p>\n\n\n\n<p><em>Na przestrzeni ostatniego czasu dane mi by\u0142o wielokrotnie spotyka\u0107 si\u0119 z Monik\u0105 w przestrzeni warsztatowej i jestem pe\u0142na podziwu dla tego jak pracuje. Znakomicie trzyma przestrze\u0144. Jest uwa\u017cna na uczestnik\u00f3w i potrafi profesjonalnie zaopiekowa\u0107 si\u0119 procesami, kt\u00f3re wydarzaj\u0105 si\u0119 na sali. Zawsze udziela wsparcia, gdy kto\u015b tego potrzebuje, ale te\u017c umie dostrzec kiedy mo\u017cna pozwoli\u0107 komu\u015b zmierzy\u0107 si\u0119 z tym samodzielnie. Ma bogate do\u015bwiadczenie w pracy z cia\u0142em i energi\u0105, ale te\u017c solidn\u0105 wiedz\u0119 psychologiczn\u0105 sprawdzon\u0105 w praktyce. Nie boi si\u0119 stosowa\u0107 niekonwencjonalnych metod. Pracuje z g\u0142osem, oddechem, d\u017awi\u0119kiem i ruchem. Widzia\u0142am jak potrafi na bie\u017c\u0105co zmieni\u0107 plan warsztat\u00f3w i dobra\u0107 inne \u0107wiczenia, \u017ceby lepiej odpowiedzie\u0107 na potrzeby grupy. Je\u015bli wi\u0119c kiedykolwiek trafisz do Moniki, to b\u0119dziesz we w\u0142a\u015bciwym miejscu i dobrych r\u0119kach. Polecam. \ud83d\ude42<\/em><br>Ela<\/p>\n\n\n\n<p>Wi\u0119cej opinii znajdziesz na moim profilu w serwisie <a href=\"https:\/\/www.znanylekarz.pl\/z\/C7QCt9\" target=\"_blank\" rel=\"noreferrer noopener\">Znany Lekarz<\/a>.<\/p>\n\n\n\n<p><\/p>\n","protected":false},"excerpt":{"rendered":"<p>Wsp\u00f3\u0142dzia\u0142anie z Monik\u0105 jest fantastycznym do\u015bwiadczeniem. Przepracowa\u0142y\u015bmy problem, kt\u00f3ry n\u0119ka\u0142 mnie od jakiego\u015b czasu, ale nie potrafi\u0142am go uchwyci\u0107. Uda\u0142o si\u0119 to przy procesowym wsparciu Moniki, kt\u00f3ra wychwyci\u0142a&#8230;<\/p>\n","protected":false},"author":1,"featured_media":0,"parent":0,"menu_order":4,"comment_status":"closed","ping_status":"closed","template":"","meta":{"footnotes":""},"class_list":["post-33","page","type-page","status-publish","hentry"],"_links":{"self":[{"href":"https:\/\/psychoterapia-online.info.pl\/index.php\/wp-json\/wp\/v2\/pages\/33","targetHints":{"allow":["GET"]}}],"collection":[{"href":"https:\/\/psychoterapia-online.info.pl\/index.php\/wp-json\/wp\/v2\/pages"}],"about":[{"href":"https:\/\/psychoterapia-online.info.pl\/index.php\/wp-json\/wp\/v2\/types\/page"}],"author":[{"embeddable":true,"href":"https:\/\/psychoterapia-online.info.pl\/index.php\/wp-json\/wp\/v2\/users\/1"}],"replies":[{"embeddable":true,"href":"https:\/\/psychoterapia-online.info.pl\/index.php\/wp-json\/wp\/v2\/comments?post=33"}],"version-history":[{"count":5,"href":"https:\/\/psychoterapia-online.info.pl\/index.php\/wp-json\/wp\/v2\/pages\/33\/revisions"}],"predecessor-version":[{"id":98,"href":"https:\/\/psychoterapia-online.info.pl\/index.php\/wp-json\/wp\/v2\/pages\/33\/revisions\/98"}],"wp:attachment":[{"href":"https:\/\/psychoterapia-online.info.pl\/index.php\/wp-json\/wp\/v2\/media?parent=33"}],"curies":[{"name":"wp","href":"https:\/\/api.w.org\/{rel}","templated":true}]}}