{"id":22,"date":"2023-07-14T22:28:32","date_gmt":"2023-07-14T22:28:32","guid":{"rendered":"http:\/\/psychoterapia-online.info.pl\/?page_id=22"},"modified":"2024-04-08T13:33:12","modified_gmt":"2024-04-08T13:33:12","slug":"kontakt","status":"publish","type":"page","link":"https:\/\/psychoterapia-online.info.pl\/index.php\/kontakt\/","title":{"rendered":"Kontakt"},"content":{"rendered":"\n<p><strong>Email:<\/strong> <a rel=\"noreferrer noopener\" href=\"mailto:monika.psychoterapeutka@gmail.com\" target=\"_blank\">monika.psychoterapeutka@gmail.com<\/a><\/p>\n\n\n\n<p><strong>Telefon kontaktowy<\/strong>: 516 955 931<\/p>\n\n\n\n<p><strong>WhatsApp:<\/strong> 502 247 858<\/p>\n\n\n\n<p>Je\u015bli nie odbieram (bo np. pracuj\u0119 :)), bardzo prosz\u0119 o kontakt przez mail, SMS lub WhatsApp &#8211; odpisz\u0119 lub oddzwoni\u0119 w pierwszej wolnej chwili.<\/p>\n\n\n\n","protected":false},"excerpt":{"rendered":"<p>Email: monika.psychoterapeutka@gmail.com Telefon kontaktowy: 516 955 931 WhatsApp: 502 247 858 Je\u015bli nie odbieram (bo np. pracuj\u0119 :)), bardzo prosz\u0119 o kontakt przez mail, SMS lub WhatsApp &#8211;&#8230;<\/p>\n","protected":false},"author":1,"featured_media":0,"parent":0,"menu_order":5,"comment_status":"closed","ping_status":"closed","template":"","meta":{"footnotes":""},"class_list":["post-22","page","type-page","status-publish","hentry"],"_links":{"self":[{"href":"https:\/\/psychoterapia-online.info.pl\/index.php\/wp-json\/wp\/v2\/pages\/22","targetHints":{"allow":["GET"]}}],"collection":[{"href":"https:\/\/psychoterapia-online.info.pl\/index.php\/wp-json\/wp\/v2\/pages"}],"about":[{"href":"https:\/\/psychoterapia-online.info.pl\/index.php\/wp-json\/wp\/v2\/types\/page"}],"author":[{"embeddable":true,"href":"https:\/\/psychoterapia-online.info.pl\/index.php\/wp-json\/wp\/v2\/users\/1"}],"replies":[{"embeddable":true,"href":"https:\/\/psychoterapia-online.info.pl\/index.php\/wp-json\/wp\/v2\/comments?post=22"}],"version-history":[{"count":4,"href":"https:\/\/psychoterapia-online.info.pl\/index.php\/wp-json\/wp\/v2\/pages\/22\/revisions"}],"predecessor-version":[{"id":72,"href":"https:\/\/psychoterapia-online.info.pl\/index.php\/wp-json\/wp\/v2\/pages\/22\/revisions\/72"}],"wp:attachment":[{"href":"https:\/\/psychoterapia-online.info.pl\/index.php\/wp-json\/wp\/v2\/media?parent=22"}],"curies":[{"name":"wp","href":"https:\/\/api.w.org\/{rel}","templated":true}]}}