{"id":19,"date":"2023-07-14T22:17:00","date_gmt":"2023-07-14T22:17:00","guid":{"rendered":"http:\/\/psychoterapia-online.info.pl\/?page_id=19"},"modified":"2026-03-09T12:17:06","modified_gmt":"2026-03-09T12:17:06","slug":"o-mnie","status":"publish","type":"page","link":"https:\/\/psychoterapia-online.info.pl\/","title":{"rendered":"O mnie"},"content":{"rendered":"\n<p>Nazywam si\u0119&nbsp;<strong>Monika Kopycka<\/strong> i jako psychoterapeutka zapraszam Ci\u0119 do wsp\u00f3lnej podr\u00f3\u017cy i odkrywania tego, \u201eco Ci w duszy gra\u201d \u2013 b\u0119dziemy bada\u0107, \u201e<strong>jaka jest Twoja unikalna melodia<\/strong>\u201d i jak mo\u017cesz j\u0105 realizowa\u0107 w \u015bwiecie w&nbsp;spos\u00f3b przynosz\u0105cy poczucie <strong>osobistego spe\u0142nienia<\/strong>.<\/p>\n\n\n<div class=\"wp-block-image\">\n<figure class=\"alignleft size-medium\"><img loading=\"lazy\" decoding=\"async\" width=\"225\" height=\"300\" src=\"http:\/\/psychoterapia-online.info.pl\/wp-content\/uploads\/2023\/07\/nero-scaled-e1689373157521-225x300.jpg\" alt=\"\" class=\"wp-image-21\" srcset=\"https:\/\/psychoterapia-online.info.pl\/wp-content\/uploads\/2023\/07\/nero-scaled-e1689373157521-225x300.jpg 225w, https:\/\/psychoterapia-online.info.pl\/wp-content\/uploads\/2023\/07\/nero-scaled-e1689373157521-768x1024.jpg 768w, https:\/\/psychoterapia-online.info.pl\/wp-content\/uploads\/2023\/07\/nero-scaled-e1689373157521-1152x1536.jpg 1152w, https:\/\/psychoterapia-online.info.pl\/wp-content\/uploads\/2023\/07\/nero-scaled-e1689373157521-1536x2048.jpg 1536w, https:\/\/psychoterapia-online.info.pl\/wp-content\/uploads\/2023\/07\/nero-scaled-e1689373157521.jpg 1920w\" sizes=\"auto, (max-width: 225px) 100vw, 225px\" \/><\/figure>\n<\/div>\n\n\n<p>Pracuj\u0119 z osobami prze\u017cywaj\u0105cymi trudno\u015bci relacyjne; borykaj\u0105cymi si\u0119 z&nbsp;uzale\u017cnieniem emocjonalnym; cierpi\u0105cymi z&nbsp;powodu niskiego poczucia w\u0142asnej warto\u015bci lub poczucia ma\u0142ej atrakcyjno\u015bci; z osobami d\u0105\u017c\u0105cymi do&nbsp;wi\u0119kszej sprawczo\u015bci w \u017cyciu i&nbsp;poszukuj\u0105cymi swej niepowtarzalnej \u015bcie\u017cki serca; z artystami prze\u017cywaj\u0105cymi okresy niemocy tw\u00f3rczej, a tak\u017ce z&nbsp;osobami zainteresowanymi integracj\u0105 do\u015bwiadcze\u0144 psychodelicznych i&nbsp;przekaz\u00f3w p\u0142yn\u0105cych ze sn\u00f3w.<\/p>\n\n\n\n<p>Prowadz\u0119&nbsp;<strong>sesje indywidualne<\/strong>, <strong>sesje dla par<\/strong>&nbsp;i <strong>warsztaty rozwojowe&nbsp;<\/strong>\u2013 m.&nbsp;in. <em>Mandala sn\u00f3w, Przygotuj si\u0119 na mi\u0142o\u015b\u0107, Odchudzanie z&nbsp;g\u0142owy, Pieni\u0105dze nie \u015bmierdz\u0105<\/em>, <em>Flirtologia<\/em>.<\/p>\n\n\n\n<p>Moje autorskie warsztaty znajdziesz na stronie <a href=\"http:\/\/www.naturalnewibracje.pl\/\" data-type=\"link\" data-id=\"http:\/\/www.naturalnewibracje.pl\/\" target=\"_blank\" rel=\"noreferrer noopener\">Naturalne Wibracje<\/a>.<\/p>\n\n\n\n<p>Nale\u017c\u0119 do <a href=\"https:\/\/psychologiaprocesu.org\/\" target=\"_blank\" rel=\"noreferrer noopener\">Polskiego Stowarzyszenia Psychoterapeut\u00f3w i Praktyk\u00f3w Psychologii Procesu<\/a>. Pracuj\u0119 w\u00a0j\u0119zyku polskim i hiszpa\u0144skim.<\/p>\n\n\n\n<p>Bliska jest mi idea&nbsp;<strong>Unus Mundus<\/strong>, kt\u00f3ra g\u0142osi, \u017ce wszystko jest po\u0142\u0105czone w jedn\u0105 ca\u0142o\u015b\u0107, w kt\u00f3rej procesy psychiczne znajduj\u0105 odzwierciedlenie w zewn\u0119trznych okoliczno\u015bciach \u017cyciowych. Kocham psy, dobr\u0105 ksi\u0105\u017ck\u0119 (zw\u0142aszcza proz\u0119 Terry\u2019ego Pratchetta) i lody czekoladowe. <\/p>\n\n\n\n<p><a href=\"http:\/\/psychoterapia-online.info.pl\/index.php\/kontakt\/\" target=\"_blank\" rel=\"noreferrer noopener\">Zapraszam do kontaktu<\/a> w celu um\u00f3wienia si\u0119 na sesj\u0119 online lub stacjonarnie (10 minut na pieszo od stacji WKD Malichy).<\/p>\n\n\n\n<p>Sesj\u0119 um\u00f3wisz r\u00f3wnie\u017c bezpo\u015brednio w <a href=\"http:\/\/psychoterapia-online.info.pl\/index.php\/kalendarz\/\" data-type=\"page\" data-id=\"73\" target=\"_blank\" rel=\"noreferrer noopener\">kalendarzu<\/a>.<\/p>\n","protected":false},"excerpt":{"rendered":"<p>Nazywam si\u0119&nbsp;Monika Kopycka i jako psychoterapeutka zapraszam Ci\u0119 do wsp\u00f3lnej podr\u00f3\u017cy i odkrywania tego, \u201eco Ci w duszy gra\u201d \u2013 b\u0119dziemy bada\u0107, \u201ejaka jest Twoja unikalna melodia\u201d i&#8230;<\/p>\n","protected":false},"author":1,"featured_media":0,"parent":0,"menu_order":0,"comment_status":"closed","ping_status":"closed","template":"","meta":{"footnotes":""},"class_list":["post-19","page","type-page","status-publish","hentry"],"_links":{"self":[{"href":"https:\/\/psychoterapia-online.info.pl\/index.php\/wp-json\/wp\/v2\/pages\/19","targetHints":{"allow":["GET"]}}],"collection":[{"href":"https:\/\/psychoterapia-online.info.pl\/index.php\/wp-json\/wp\/v2\/pages"}],"about":[{"href":"https:\/\/psychoterapia-online.info.pl\/index.php\/wp-json\/wp\/v2\/types\/page"}],"author":[{"embeddable":true,"href":"https:\/\/psychoterapia-online.info.pl\/index.php\/wp-json\/wp\/v2\/users\/1"}],"replies":[{"embeddable":true,"href":"https:\/\/psychoterapia-online.info.pl\/index.php\/wp-json\/wp\/v2\/comments?post=19"}],"version-history":[{"count":15,"href":"https:\/\/psychoterapia-online.info.pl\/index.php\/wp-json\/wp\/v2\/pages\/19\/revisions"}],"predecessor-version":[{"id":95,"href":"https:\/\/psychoterapia-online.info.pl\/index.php\/wp-json\/wp\/v2\/pages\/19\/revisions\/95"}],"wp:attachment":[{"href":"https:\/\/psychoterapia-online.info.pl\/index.php\/wp-json\/wp\/v2\/media?parent=19"}],"curies":[{"name":"wp","href":"https:\/\/api.w.org\/{rel}","templated":true}]}}